{"id":694,"date":"2024-02-15T13:06:59","date_gmt":"2024-02-15T11:06:59","guid":{"rendered":"https:\/\/www.yogahel.com\/?page_id=694"},"modified":"2025-12-13T13:07:26","modified_gmt":"2025-12-13T11:07:26","slug":"kaytannon-asiat","status":"publish","type":"page","link":"https:\/\/www.yogahel.com\/en\/kaytannon-asiat\/","title":{"rendered":"Practical Stuff"},"content":{"rendered":"<div data-colibri-id=\"694-c1\" class=\"style-438 style-local-694-c1 position-relative\">\n  <!---->\n  <div data-colibri-component=\"section\" data-colibri-id=\"694-c2\" id=\"initial-content\" class=\"h-section h-section-global-spacing d-flex align-items-lg-center align-items-md-center align-items-center style-439 style-local-694-c2 position-relative\">\n    <!---->\n    <!---->\n    <div class=\"h-section-grid-container h-section-boxed-container\">\n      <!---->\n      <div data-colibri-id=\"694-c3\" class=\"h-row-container gutters-row-lg-2 gutters-row-md-2 gutters-row-0 gutters-row-v-lg-2 gutters-row-v-md-2 gutters-row-v-2 style-440 style-local-694-c3 position-relative\">\n        <!---->\n        <div class=\"h-row justify-content-lg-center justify-content-md-center justify-content-center align-items-lg-stretch align-items-md-stretch align-items-stretch gutters-col-lg-2 gutters-col-md-2 gutters-col-0 gutters-col-v-lg-2 gutters-col-v-md-2 gutters-col-v-2\">\n          <!---->\n          <div class=\"h-column h-column-container d-flex h-col-lg-auto h-col-md-auto h-col-auto style-441-outer style-local-694-c4-outer\">\n            <div data-colibri-id=\"694-c4\" class=\"d-flex h-flex-basis h-column__inner h-px-lg-2 h-px-md-2 h-px-2 v-inner-lg-2 v-inner-md-2 v-inner-2 style-441 style-local-694-c4 position-relative\">\n              <!---->\n              <!---->\n              <div class=\"w-100 h-y-container h-column__content h-column__v-align flex-basis-100 align-self-lg-start align-self-md-start align-self-start\">\n                <!---->\n                <div data-colibri-id=\"694-c5\" class=\"h-row-container gutters-row-lg-2 gutters-row-md-2 gutters-row-0 gutters-row-v-lg-2 gutters-row-v-md-2 gutters-row-v-2 style-685 style-local-694-c5 position-relative\">\n                  <!---->\n                  <div class=\"h-row justify-content-lg-center justify-content-md-center justify-content-center align-items-lg-stretch align-items-md-stretch align-items-stretch gutters-col-lg-2 gutters-col-md-2 gutters-col-0 gutters-col-v-lg-2 gutters-col-v-md-2 gutters-col-v-2\">\n                    <!---->\n                    <div class=\"h-column h-column-container d-flex h-col-lg-auto h-col-md-auto h-col-auto style-686-outer style-local-694-c6-outer\">\n                      <div data-colibri-id=\"694-c6\" class=\"d-flex h-flex-basis h-column__inner h-px-lg-2 h-px-md-2 h-px-2 v-inner-lg-2 v-inner-md-2 v-inner-2 style-686 style-local-694-c6 position-relative\">\n                        <!---->\n                        <!---->\n                        <div class=\"w-100 h-y-container h-column__content h-column__v-align flex-basis-100 align-self-lg-start align-self-md-start align-self-start\">\n                          <!---->\n                          <div data-colibri-id=\"694-c7\" class=\"h-text h-text-component style-443 style-local-694-c7 position-relative h-element\">\n                            <!---->\n                            <!---->\n                            <div class=\"\">\n                              <h3>School Rules\n                                <br>\n                              <\/h3>\n                              <p>\n                                <br>\n                              <\/p>\n                              <p>The school will open 30 minutes before the class and for the early mornings, 15 minutes before. We close 30 minutes after the last class.<\/p>\n                              <p>The classes start on time and there is no late entry. Please be at the school on time to change and get on your mat for the start time.<\/p>\n                              <p>We have private changing cubicles with curtains and private showers to make the largest number of students as comfortable as possible. Consider the planet and the queue behind you while in the showers to help us keep this system working.\n                                <br>\n                                <br>Please do not use strong parfumes or other scents at the school to keep the space comfortable for all.<\/p>\n                              <p>If a class has low attendance we might move it to a smaller space. While the school is entirely powered by hydroelectricity the more energy efficient we can be the better.\n                                <br>\n                              <\/p>\n                              <p>The yoga rooms are silent spaces and mobile phone free zones. Please lower your voice to allow everyone a moment of calm before and after practice should they need it.<\/p>\n                              <p>If you want to catch up with friends or check your messages before the class, you are more than welcome to do that in the foyer area.<\/p>\n                              <p>\n                                <br>\n                              <\/p>\n                            <\/div>\n                          <\/div>\n                        <\/div>\n                      <\/div>\n                    <\/div>\n                    <div class=\"h-column h-column-container d-flex h-col-lg-auto h-col-md-auto h-col-auto style-687-outer style-local-694-c8-outer\">\n                      <div data-colibri-id=\"694-c8\" class=\"d-flex h-flex-basis h-column__inner h-px-lg-2 h-px-md-2 h-px-2 v-inner-lg-2 v-inner-md-2 v-inner-2 style-687 style-local-694-c8 position-relative\">\n                        <!---->\n                        <!---->\n                        <div class=\"w-100 h-y-container h-column__content h-column__v-align flex-basis-100 align-self-lg-start align-self-md-start align-self-start\">\n                          <!---->\n                          <div data-colibri-id=\"694-c9\" class=\"d-block style-689 style-local-694-c9 position-relative h-element\">\n                            <!---->\n                            <div class=\"h-image__frame-container-outer\">\n                              <div class=\"h-image__frame-container\">\n                                <!---->\n                                <!---->\n                                <img loading=\"lazy\" decoding=\"async\" width=\"960\" height=\"640\" src=\"https:\/\/www.yogahel.com\/wp-content\/uploads\/2024\/08\/2020.jpg\" class=\"wp-image-2148 style-689-image style-local-694-c9-image\" alt=\"\" srcset=\"https:\/\/www.yogahel.com\/wp-content\/uploads\/2024\/08\/2020.jpg 960w, https:\/\/www.yogahel.com\/wp-content\/uploads\/2024\/08\/2020-300x200.jpg 300w, https:\/\/www.yogahel.com\/wp-content\/uploads\/2024\/08\/2020-768x512.jpg 768w, https:\/\/www.yogahel.com\/wp-content\/uploads\/2024\/08\/2020-18x12.jpg 18w\" sizes=\"auto, (max-width: 960px) 100vw, 960px\" \/>\n                                <div class=\"h-image__frame h-hide-lg h-hide-md h-hide-sm style-689-frameImage style-local-694-c9-frameImage\"><\/div>\n                              <\/div>\n                            <\/div>\n                          <\/div>\n                          <div data-colibri-id=\"694-c10\" class=\"h-text h-text-component style-688 style-local-694-c10 position-relative h-element\">\n                            <!---->\n                            <!---->\n                            <div class=\"\">\n                              <h3>Community\n                                <br>\n                                <br>\n                              <\/h3>\n                              <p>While you build a relationship with your practise, cultivate one with the group around you too. You are not here alone.<\/p>\n                              <p>Meill\u00e4 on yhteinen tavoite positiivisen ja turvallisemman yhteis\u00f6n rakentamiseen koulussa. T\u00e4m\u00e4 tarkoittaa jokaisen kohdalla vastuun ottamista siit\u00e4, miten puhut ihmisille ja ihmisist\u00e4. Se tarkoittaa my\u00f6s negatiivisen k\u00e4yt\u00f6ksen\n                                k\u00e4sittelemist\u00e4, jos sellaista huomaat.<\/p>\n                              <p>Jos n\u00e4et aloittelijan, joka ei tied\u00e4 minne menn\u00e4, voit varmasti neuvoa ja auttaa. On my\u00f6s ok aloittelijana kysy\u00e4 neuvoa mihin menn\u00e4 ja mit\u00e4 tehd\u00e4. Olemme kaikki olleet joskus ensimm\u00e4ist\u00e4 kertaa joogatunnilla eik\u00e4 ole olemassa\n                                huonoa tai tyhm\u00e4\u00e4 kysymyst\u00e4.<\/p>\n                              <p>If you have a suggestion, let us know. If you have feedback, ask about the many ways you can submit that to us. We discuss everything in our meetings and all your opinions matter to us.\n                                <br>\n                                <br>If you are a new student, do also read\n                                <a href=\"https:\/\/www.yogahel.com\/uudetoppilaat\" rel=\"nofollow\">THE GUIDE FOR FIRST TIME<\/a>\n                              <\/p>\n                            <\/div>\n                          <\/div>\n                        <\/div>\n                      <\/div>\n                    <\/div>\n                  <\/div>\n                <\/div>\n              <\/div>\n            <\/div>\n          <\/div>\n        <\/div>\n      <\/div>\n    <\/div>\n  <\/div>\n<\/div>","protected":false},"excerpt":{"rendered":"<p>Koulun s\u00e4\u00e4nn\u00f6t Koulu avautuu 30 minuuttia ennen tuntia (aamun ensimm\u00e4ist\u00e4 tuntia varten 15 minuuttia ennen tuntia). Suljemme illalla 30 minuuttia viimeisen tunnin j\u00e4lkeen. Tunnit alkavat aikataulun mukaisesti, eik\u00e4 saliin p\u00e4\u00e4se my\u00f6h\u00e4ss\u00e4. Olethan koululla ajoissa jotta ehdit vaihtamaan vaatteet ja asettumaan matolle aloitusajan mukaisesti. Vaihtotiloissa on yksityiset pukukopit verhoilla ja yksityiset suihkut. Ymp\u00e4rist\u00f6n ja per\u00e4ss\u00e4si mahdollisesti [&hellip;]<\/p>\n","protected":false},"author":1,"featured_media":0,"parent":0,"menu_order":0,"comment_status":"closed","ping_status":"closed","template":"page-templates\/full-width-page.php","meta":{"footnotes":""},"class_list":["post-694","page","type-page","status-publish","hentry"],"_links":{"self":[{"href":"https:\/\/www.yogahel.com\/en\/wp-json\/wp\/v2\/pages\/694","targetHints":{"allow":["GET"]}}],"collection":[{"href":"https:\/\/www.yogahel.com\/en\/wp-json\/wp\/v2\/pages"}],"about":[{"href":"https:\/\/www.yogahel.com\/en\/wp-json\/wp\/v2\/types\/page"}],"author":[{"embeddable":true,"href":"https:\/\/www.yogahel.com\/en\/wp-json\/wp\/v2\/users\/1"}],"replies":[{"embeddable":true,"href":"https:\/\/www.yogahel.com\/en\/wp-json\/wp\/v2\/comments?post=694"}],"version-history":[{"count":12,"href":"https:\/\/www.yogahel.com\/en\/wp-json\/wp\/v2\/pages\/694\/revisions"}],"predecessor-version":[{"id":13520,"href":"https:\/\/www.yogahel.com\/en\/wp-json\/wp\/v2\/pages\/694\/revisions\/13520"}],"wp:attachment":[{"href":"https:\/\/www.yogahel.com\/en\/wp-json\/wp\/v2\/media?parent=694"}],"curies":[{"name":"wp","href":"https:\/\/api.w.org\/{rel}","templated":true}]}}