{"id":528,"date":"2024-02-06T09:43:01","date_gmt":"2024-02-06T07:43:01","guid":{"rendered":"https:\/\/www.yogahel.com\/?page_id=528"},"modified":"2024-02-06T09:45:01","modified_gmt":"2024-02-06T07:45:01","slug":"gdpr","status":"publish","type":"page","link":"https:\/\/www.yogahel.com\/en\/gdpr\/","title":{"rendered":"GDPR Infomation"},"content":{"rendered":"<h3 class=\"wp-block-heading\">Henkil\u00f6tietolaki (523\/99) 10 \u00a7<\/h3>\n\n\n\n<p>Yoga HEL yogahel.com sivuston tietosuoja- ja rekisteriseloste.<\/p>\n\n\n\n<p><\/p>\n\n\n\n<h2 class=\"wp-block-heading\">1. Rekisterinpit\u00e4j\u00e4<\/h2>\n\n\n\n<p>Yoga HEL Oy<br><br>Y-tunnus 320052-7<\/p>\n\n\n\n<p>Postiosoite: Porthaninkatu 2, 00530 Helsinki<br><br>S\u00e4hk\u00f6postiosoite: info <em>at<\/em> yogahel.com<\/p>\n\n\n\n<p><\/p>\n\n\n\n<h2 class=\"wp-block-heading\">2. Vastaava henkil\u00f6<\/h2>\n\n\n\n<p>Minttu M\u00e4ntynen \/ Yoga HEL Oy<\/p>\n\n\n\n<p>Postiosoite: Porthaninkatu 2, 00530 Helsinki<\/p>\n\n\n\n<p>S\u00e4hk\u00f6postiosoite: info <em>at<\/em> yogahel.com<\/p>\n\n\n\n<p><\/p>\n\n\n\n<h2 class=\"wp-block-heading\">3. Rekisterin nimi<\/h2>\n\n\n\n<p>Yoga HEL Asiakasrekisteri<\/p>\n\n\n\n<p><\/p>\n\n\n\n<h2 class=\"wp-block-heading\">4. Henkil\u00f6tietojen k\u00e4sittelyn tarkoitus<\/h2>\n\n\n\n<p>Sivuston k\u00e4ytt\u00e4jien henkil\u00f6tietoja voidaan k\u00e4sitell\u00e4 seuraavia tarkoituksia varten: Rekister\u00f6ityneiden k\u00e4ytt\u00e4jien tuntivarauksiin, asiakassuhteen yll\u00e4pitoon ja kehitt\u00e4miseen. Palveluiden toteuttamiseen, toiminnan kehitt\u00e4miseen, markkinointiin, analysointiin ja tilastointiin sek\u00e4 muihin vastaaviin k\u00e4ytt\u00f6tarkoituksiin.<\/p>\n\n\n\n<p><\/p>\n\n\n\n<h2 class=\"wp-block-heading\">5. Rekisterin tietosis\u00e4lt\u00f6<\/h2>\n\n\n\n<p>Rekisteri voi sis\u00e4lt\u00e4\u00e4 seuraavia tietoja:<\/p>\n\n\n\n<ul class=\"wp-block-list\">\n<li>Yhteystiedot, kuten nimi, osoite, puhelinnumero, s\u00e4hk\u00f6postiosoite.<\/li>\n\n\n\n<li>Laskutus- ja maksutiedot, palautteet ja yhteydenotot.<\/li>\n\n\n\n<li>Viestinn\u00e4n toteuttamiseen liittyv\u00e4t tiedot <\/li>\n\n\n\n<li>Sek\u00e4 mahdolliset muut asiakkaan suostumuksella ker\u00e4tyt tiedot.<\/li>\n<\/ul>\n\n\n\n<p><\/p>\n\n\n\n<h2 class=\"wp-block-heading\">6. S\u00e4\u00e4nn\u00f6nmukaiset tietol\u00e4hteet<\/h2>\n\n\n\n<p>Asiakasta koskevat tiedot ker\u00e4t\u00e4\u00e4n asiakkaalta itselt\u00e4\u00e4n asiakkaan suostumuksella varausj\u00e4rjestelm\u00e4n kautta, tai s\u00e4hk\u00f6postilla tai muulla vastaavalla tavalla.<\/p>\n\n\n\n<p><\/p>\n\n\n\n<h2 class=\"wp-block-heading\">7. Tietojen s\u00e4ilytysaika<\/h2>\n\n\n\n<p>Henkil\u00f6tiedot s\u00e4ilytet\u00e4\u00e4n niin kauan, kun niit\u00e4 tarvitaan asiakkaan kanssa tehdyn sopimuksen t\u00e4yt\u00e4nt\u00f6\u00f6n viemiseksi, asiakaspalvelun kehitt\u00e4miseksi tai kunnes asiakas itse pyyt\u00e4\u00e4 niiden poistamista.<\/p>\n\n\n\n<p><\/p>\n\n\n\n<h2 class=\"wp-block-heading\">8. S\u00e4\u00e4nn\u00f6nmukaiset tietojen luovutukset ja tietojen siirto EU:n tai Euroopan talousalueen ulkopuolelle<\/h2>\n\n\n\n<p>Tietoja voidaan henkil\u00f6tietolain sallimissa rajoissa siirt\u00e4\u00e4 EU:n tai Euroopan talousalueen ulkopuolella sijaitsevalle palvelimelle tallennettavaksi ja k\u00e4sitelt\u00e4v\u00e4ksi rekisterinpit\u00e4j\u00e4n lukuun.<\/p>\n\n\n\n<p><\/p>\n\n\n\n<h2 class=\"wp-block-heading\">9. Rekister\u00f6idyn oikeudet<\/h2>\n\n\n\n<p>Rekister\u00f6idyll\u00e4 on oikeus tarkistaa h\u00e4nt\u00e4 koskevat rekisteriin tallennetut tiedot. Tarkistupyynn\u00f6t ja rekisterin tietojen korjaukset voi molemmat osoittaa kohdissa 1 tai 2 oleviin yhteystietoihin. Rekister\u00f6idyll\u00e4 on oikeus tarkastaa, mit\u00e4 h\u00e4nt\u00e4 koskevia tietoja henkil\u00f6tietorekisteriin on talletettu. H\u00e4nell\u00e4 on my\u00f6s oikeus rajoittaa tai vastustaa tietojensa k\u00e4sittely\u00e4 EU:n tietosuoja-asetuksen artiklojen 18 ja 21 mukaisesti. Rekister\u00f6idyll\u00e4 on oikeus peruuttaa aiemmin antamansa suostumus tietojen k\u00e4sittelylle tai tehd\u00e4 henkil\u00f6tietojensa k\u00e4sittelyyn liittyvist\u00e4 seikoista valitus valvontaviranomaiselle. Rekister\u00f6idyll\u00e4 on my\u00f6s oikeus kielt\u00e4\u00e4 tietojensa k\u00e4ytt\u00f6 suoramarkkinointitarkoituksiin.<\/p>\n\n\n\n<h2 class=\"wp-block-heading\">10. Rekisterin suojauksen periaatteet<\/h2>\n\n\n\n<p>Asiakastietoja sis\u00e4lt\u00e4v\u00e4n j\u00e4rjestelm\u00e4n k\u00e4ytt\u00f6\u00f6n on oikeus vain niill\u00e4 rekisterinpit\u00e4j\u00e4n palveluksessa olevilla henkil\u00f6ill\u00e4, jotka tarvitsevat tietoja teht\u00e4viss\u00e4\u00e4n. S\u00e4hk\u00f6iset tiedot on suojattu palomuureilla, k\u00e4ytt\u00e4j\u00e4tunnuksilla ja salasanoilla.<\/p>","protected":false},"excerpt":{"rendered":"<p>Henkil\u00f6tietolaki (523\/99) 10 \u00a7 Yoga HEL yogahel.com sivuston tietosuoja- ja rekisteriseloste. 1. Rekisterinpit\u00e4j\u00e4 Yoga HEL Oy Y-tunnus 320052-7 Postiosoite: Porthaninkatu 2, 00530 Helsinki S\u00e4hk\u00f6postiosoite: info at yogahel.com 2. Vastaava henkil\u00f6 Minttu M\u00e4ntynen \/ Yoga HEL Oy Postiosoite: Porthaninkatu 2, 00530 Helsinki S\u00e4hk\u00f6postiosoite: info at yogahel.com 3. Rekisterin nimi Yoga HEL Asiakasrekisteri 4. Henkil\u00f6tietojen k\u00e4sittelyn tarkoitus [&hellip;]<\/p>\n","protected":false},"author":1,"featured_media":0,"parent":0,"menu_order":0,"comment_status":"closed","ping_status":"closed","template":"","meta":{"footnotes":""},"class_list":["post-528","page","type-page","status-publish","hentry"],"_links":{"self":[{"href":"https:\/\/www.yogahel.com\/en\/wp-json\/wp\/v2\/pages\/528","targetHints":{"allow":["GET"]}}],"collection":[{"href":"https:\/\/www.yogahel.com\/en\/wp-json\/wp\/v2\/pages"}],"about":[{"href":"https:\/\/www.yogahel.com\/en\/wp-json\/wp\/v2\/types\/page"}],"author":[{"embeddable":true,"href":"https:\/\/www.yogahel.com\/en\/wp-json\/wp\/v2\/users\/1"}],"replies":[{"embeddable":true,"href":"https:\/\/www.yogahel.com\/en\/wp-json\/wp\/v2\/comments?post=528"}],"version-history":[{"count":2,"href":"https:\/\/www.yogahel.com\/en\/wp-json\/wp\/v2\/pages\/528\/revisions"}],"predecessor-version":[{"id":536,"href":"https:\/\/www.yogahel.com\/en\/wp-json\/wp\/v2\/pages\/528\/revisions\/536"}],"wp:attachment":[{"href":"https:\/\/www.yogahel.com\/en\/wp-json\/wp\/v2\/media?parent=528"}],"curies":[{"name":"wp","href":"https:\/\/api.w.org\/{rel}","templated":true}]}}