{"id":390,"date":"2024-02-09T07:22:13","date_gmt":"2024-02-09T05:22:13","guid":{"rendered":"https:\/\/www.yogahel.com\/?page_id=390"},"modified":"2026-01-05T13:41:43","modified_gmt":"2026-01-05T11:41:43","slug":"aikataulu","status":"publish","type":"page","link":"https:\/\/www.yogahel.com\/en\/aikataulu\/","title":{"rendered":"Schedule"},"content":{"rendered":"<div data-colibri-id=\"390-c1\" class=\"style-661 style-local-390-c1 position-relative\">\n  <!---->\n  <div data-colibri-component=\"section\" data-colibri-id=\"390-c2\" id=\"initial-content\" class=\"h-section h-section-global-spacing d-flex align-items-lg-center align-items-md-center align-items-center style-662 style-local-390-c2 position-relative\">\n    <!---->\n    <!---->\n    <div class=\"h-section-grid-container h-section-boxed-container\">\n      <!---->\n      <div data-colibri-id=\"390-c3\" class=\"h-row-container gutters-row-lg-2 gutters-row-md-2 gutters-row-0 gutters-row-v-lg-2 gutters-row-v-md-2 gutters-row-v-2 style-663 style-local-390-c3 position-relative\">\n        <!---->\n        <div class=\"h-row justify-content-lg-center justify-content-md-center justify-content-center align-items-lg-stretch align-items-md-stretch align-items-stretch gutters-col-lg-2 gutters-col-md-2 gutters-col-0 gutters-col-v-lg-2 gutters-col-v-md-2 gutters-col-v-2\">\n          <!---->\n          <div class=\"h-column h-column-container d-flex h-col-lg-auto h-col-md-auto h-col-auto style-664-outer style-local-390-c4-outer\">\n            <div data-colibri-id=\"390-c4\" class=\"d-flex h-flex-basis h-column__inner h-px-lg-2 h-px-md-2 h-px-2 v-inner-lg-2 v-inner-md-2 v-inner-2 style-664 style-local-390-c4 position-relative\">\n              <!---->\n              <!---->\n              <div class=\"w-100 h-y-container h-column__content h-column__v-align flex-basis-100 align-self-lg-start align-self-md-start align-self-start\">\n                <!---->\n                <div data-colibri-id=\"390-c5\" class=\"h-text h-text-component style-668 style-local-390-c5 position-relative h-element\">\n                  <!---->\n                  <!---->\n                  <div class=\"\">\n                    <p>Paikan voi varata ilman etuk\u00e4teismaksua ja my\u00f6s peruuttaa maksutta 60 minuuttia ennen alkamisaikaa. Muistathan peruuttaa varauksesi jos et p\u00e4\u00e4seek\u00e4\u00e4n tunnille. Yksityistunteja ja harjoitusaikoja voi varata kello 21 saakka su-pe. Varausj\u00e4rjestelm\u00e4n\n                      saa my\u00f6s sovelluksena!<\/p>\n                  <\/div>\n                <\/div>\n                <div data-colibri-id=\"390-c6\" class=\"h-x-container style-1180 style-local-390-c6 position-relative h-element\">\n                  <!---->\n                  <div class=\"h-x-container-inner style-dynamic-390-c6-group style-1180-spacing style-local-390-c6-spacing\"><span class=\"h-button__outer style-1252-outer style-local-390-c10-outer d-inline-flex h-element\"><a h-use-smooth-scroll=\"true\" href=\"https:\/\/momence.com\/sign-in\"  data-colibri-id=\"390-c10\" class=\"d-flex w-100 align-items-center h-button justify-content-lg-center justify-content-md-center justify-content-center style-1252 style-local-390-c10 position-relative\"><!----><!----> <span>Login to Momence<\/span><\/a>\n                    <\/span><span class=\"h-button__outer style-1181-outer style-local-390-c7-outer d-inline-flex h-element\"><a h-use-smooth-scroll=\"true\" href=\"https:\/\/momence.com\/ios-app\"  data-colibri-id=\"390-c7\" class=\"d-flex w-100 align-items-center h-button justify-content-lg-center justify-content-md-center justify-content-center style-1181 style-local-390-c7 position-relative\"><!----><!----> <span>App for Apple<\/span><\/a>\n                    <\/span><span class=\"h-button__outer style-1182-outer style-local-390-c8-outer d-inline-flex h-element\"><a h-use-smooth-scroll=\"true\" href=\"https:\/\/momence.com\/android-app\"  data-colibri-id=\"390-c8\" class=\"d-flex w-100 align-items-center h-button justify-content-lg-center justify-content-md-center justify-content-center style-1182 style-local-390-c8 position-relative\"><!----><!----> <span>App for Android<\/span><\/a>\n                    <\/span>\n                  <\/div>\n                <\/div>\n                <div data-colibri-id=\"390-c9\" class=\"style-666 style-local-390-c9 position-relative h-element\">\n                  <!---->\n                  <div class=\"\"><div id=\"ribbon-schedule\"><\/div>\r\n<script\r\n  async\r\n  type=\"module\"\r\n  host_id=\"48447\"\r\n  teacher_ids=\"[]\"\r\n  location_ids=\"[]\"\r\n  tag_ids=\"[]\"\r\n  show_additional_teachers=\"true\"\r\n  hide_tags=\"true\"\r\n  hide_drop_in_price=\"true\"\r\n  default_filter=\"show-all\"\r\n  locale=\"en\"\r\n  src=\"https:\/\/momence.com\/plugin\/host-schedule\/host-schedule.js\"\r\n><\/script>\r\n<style>\r\n:root {\r\n  --momenceColorBackground: #FBFBFB;\r\n  --momenceColorPrimary: 225, 126, 45;\r\n  --momenceColorBlack: 3, 1, 13;\r\n}\r\n<\/style>\r\n<\/div>\n                <\/div>\n              <\/div>\n            <\/div>\n          <\/div>\n        <\/div>\n      <\/div>\n    <\/div>\n  <\/div>\n<\/div>","protected":false},"excerpt":{"rendered":"<p>Paikan voi varata ilman etuk\u00e4teismaksua ja my\u00f6s peruuttaa maksutta 60 minuuttia ennen alkamisaikaa. Muistathan peruuttaa varauksesi jos et p\u00e4\u00e4seek\u00e4\u00e4n tunnille. Yksityistunteja ja harjoitusaikoja voi varata kello 21 saakka su-pe. Varausj\u00e4rjestelm\u00e4n saa my\u00f6s sovelluksena! Login to Momence App for Apple App for Android<\/p>","protected":false},"author":1,"featured_media":0,"parent":0,"menu_order":0,"comment_status":"closed","ping_status":"closed","template":"page-templates\/full-width-page.php","meta":{"footnotes":""},"class_list":["post-390","page","type-page","status-publish","hentry"],"_links":{"self":[{"href":"https:\/\/www.yogahel.com\/en\/wp-json\/wp\/v2\/pages\/390","targetHints":{"allow":["GET"]}}],"collection":[{"href":"https:\/\/www.yogahel.com\/en\/wp-json\/wp\/v2\/pages"}],"about":[{"href":"https:\/\/www.yogahel.com\/en\/wp-json\/wp\/v2\/types\/page"}],"author":[{"embeddable":true,"href":"https:\/\/www.yogahel.com\/en\/wp-json\/wp\/v2\/users\/1"}],"replies":[{"embeddable":true,"href":"https:\/\/www.yogahel.com\/en\/wp-json\/wp\/v2\/comments?post=390"}],"version-history":[{"count":20,"href":"https:\/\/www.yogahel.com\/en\/wp-json\/wp\/v2\/pages\/390\/revisions"}],"predecessor-version":[{"id":15731,"href":"https:\/\/www.yogahel.com\/en\/wp-json\/wp\/v2\/pages\/390\/revisions\/15731"}],"wp:attachment":[{"href":"https:\/\/www.yogahel.com\/en\/wp-json\/wp\/v2\/media?parent=390"}],"curies":[{"name":"wp","href":"https:\/\/api.w.org\/{rel}","templated":true}]}}