{"id":3304,"date":"2025-02-12T11:29:02","date_gmt":"2025-02-12T09:29:02","guid":{"rendered":"https:\/\/www.yogahel.com\/?page_id=3304"},"modified":"2025-02-18T13:13:38","modified_gmt":"2025-02-18T11:13:38","slug":"yksityis-ja-yritystunnit","status":"publish","type":"page","link":"https:\/\/www.yogahel.com\/en\/yksityis-ja-yritystunnit\/","title":{"rendered":"Private classes for companies and other groups"},"content":{"rendered":"<div data-colibri-id=\"3304-c1\" class=\"style-1067 style-local-3304-c1 position-relative\">\n  <!---->\n  <div data-colibri-component=\"section\" data-colibri-id=\"3304-c2\" id=\"about\" class=\"h-section h-section-global-spacing d-flex align-items-lg-center align-items-md-center align-items-center style-1068 style-local-3304-c2 position-relative\">\n    <!---->\n    <!---->\n    <div class=\"h-section-grid-container h-section-boxed-container\">\n      <!---->\n      <div data-colibri-id=\"3304-c3\" class=\"h-row-container gutters-row-lg-0 gutters-row-md-0 gutters-row-0 gutters-row-v-lg-0 gutters-row-v-md-0 gutters-row-v-0 style-1069 style-local-3304-c3 position-relative\">\n        <!---->\n        <div class=\"h-row justify-content-lg-center justify-content-md-center justify-content-center align-items-lg-stretch align-items-md-stretch align-items-stretch gutters-col-lg-0 gutters-col-md-0 gutters-col-0 gutters-col-v-lg-0 gutters-col-v-md-0 gutters-col-v-0\">\n          <!---->\n          <div class=\"h-column h-column-container d-flex h-col-lg-auto h-col-md-auto h-col-auto style-1070-outer style-local-3304-c4-outer\">\n            <div data-colibri-id=\"3304-c4\" class=\"d-flex h-flex-basis h-column__inner h-ui-empty-state-container h-px-lg-0 h-px-md-0 h-px-0 v-inner-lg-0 v-inner-md-0 v-inner-0 style-1070 style-local-3304-c4 position-relative\">\n              <!---->\n              <!---->\n              <div class=\"w-100 h-y-container h-column__content h-column__v-align flex-basis-100\">\n                <!---->\n              <\/div>\n            <\/div>\n          <\/div>\n          <div class=\"h-column h-column-container d-flex h-col-lg-auto h-col-md-auto h-col-auto style-1071-outer style-local-3304-c5-outer\">\n            <div data-colibri-id=\"3304-c5\" class=\"d-flex h-flex-basis h-column__inner h-px-lg-2 h-px-md-2 h-px-2 v-inner-lg-2 v-inner-md-2 v-inner-2 style-1071 style-local-3304-c5 position-relative\">\n              <!---->\n              <!---->\n              <div class=\"w-100 h-y-container h-column__content h-column__v-align flex-basis-100 align-self-lg-start align-self-md-start align-self-start\">\n                <!---->\n                <div data-colibri-id=\"3304-c6\" class=\"h-global-transition-all h-heading style-1072 style-local-3304-c6 position-relative h-element\">\n                  <!---->\n                  <div class=\"h-heading__outer style-1072 style-local-3304-c6\">\n                    <!---->\n                    <!---->\n                    <h5 class=\"\">Class for your own group<\/h5>\n                  <\/div>\n                <\/div>\n                <div data-colibri-id=\"3304-c7\" class=\"h-global-transition-all h-heading style-1073 style-local-3304-c7 position-relative h-element\">\n                  <!---->\n                  <div class=\"h-heading__outer style-1073 style-local-3304-c7\">\n                    <!---->\n                    <!---->\n                    <h2 class=\"\">We can organise <span style=\"font-family: Sofia;\">a tailormade class for your group<\/span> whether you have a company or a groupf of friends.<\/h2>\n                  <\/div>\n                <\/div>\n                <div data-colibri-id=\"3304-c8\" class=\"h-text h-text-component style-1074 style-local-3304-c8 position-relative h-element\">\n                  <!---->\n                  <!---->\n                  <div class=\"\">\n                    <p>You can ask us for a quote for a private class for your best friends, for work friends, as part of an event or designed to add to the wellbeing for your employees. The class will be designed to suit your group in the style you wish for. We also happily advice what might work for your event if you would like us to. If you already have a space you prefer to use, we can come to you.\n                      <br>\n                      <br>\n                    <\/p>\n                  <\/div>\n                <\/div>\n                <div data-colibri-id=\"3304-c9\" class=\"h-x-container style-1091 style-local-3304-c9 position-relative h-element\">\n                  <!---->\n                  <div class=\"h-x-container-inner style-dynamic-3304-c9-group style-1091-spacing style-local-3304-c9-spacing\"><span class=\"h-button__outer style-1106-outer style-local-3304-c10-outer d-inline-flex h-element\"><a h-use-smooth-scroll=\"true\" href=\"https:\/\/www.yogahel.com\/contact\"  data-colibri-id=\"3304-c10\" class=\"d-flex w-100 align-items-center h-button justify-content-lg-center justify-content-md-center justify-content-center style-1106 style-local-3304-c10 position-relative\"><!----><!----> <span>Contact Us<\/span><\/a>\n                    <\/span>\n                  <\/div>\n                <\/div>\n              <\/div>\n            <\/div>\n          <\/div>\n        <\/div>\n      <\/div>\n    <\/div>\n  <\/div>\n  <div data-colibri-component=\"section\" data-colibri-id=\"3304-c11\" id=\"features\" class=\"h-section h-section-global-spacing d-flex align-items-lg-center align-items-md-center align-items-center style-1093 style-local-3304-c11 position-relative\">\n    <!---->\n    <!---->\n    <div class=\"h-section-grid-container h-section-boxed-container\">\n      <div data-colibri-id=\"3304-c34\" class=\"h-row-container gutters-row-lg-2 gutters-row-md-2 gutters-row-0 gutters-row-v-lg-2 gutters-row-v-md-2 gutters-row-v-2 style-1102 style-local-3304-c34 position-relative\">\n        <!---->\n        <div class=\"h-row justify-content-lg-center justify-content-md-center justify-content-center align-items-lg-stretch align-items-md-stretch align-items-stretch gutters-col-lg-2 gutters-col-md-2 gutters-col-0 gutters-col-v-lg-2 gutters-col-v-md-2 gutters-col-v-2\">\n          <!---->\n          <div class=\"h-column h-column-container d-flex h-col-lg-auto h-col-md-auto h-col-auto style-1103-outer style-local-3304-c35-outer\">\n            <div data-colibri-id=\"3304-c35\" class=\"d-flex h-flex-basis h-column__inner h-px-lg-2 h-px-md-2 h-px-2 v-inner-lg-2 v-inner-md-2 v-inner-2 style-1103 style-local-3304-c35 position-relative\">\n              <!---->\n              <!---->\n              <div class=\"w-100 h-y-container h-column__content h-column__v-align flex-basis-100 align-self-lg-start align-self-md-start align-self-start\">\n                <!---->\n                <div data-colibri-id=\"3304-c36\" class=\"h-global-transition-all h-heading style-1104 style-local-3304-c36 position-relative h-element\">\n                  <!---->\n                  <div class=\"h-heading__outer style-1104 style-local-3304-c36\">\n                    <!---->\n                    <!---->\n                    <h2 class=\"\">For Individuals<\/h2>\n                  <\/div>\n                <\/div>\n              <\/div>\n            <\/div>\n          <\/div>\n        <\/div>\n      <\/div>\n      <div data-colibri-id=\"3304-c12\" class=\"h-row-container gutters-row-lg-2 gutters-row-md-2 gutters-row-2 gutters-row-v-lg-2 gutters-row-v-md-2 gutters-row-v-2 style-1094 style-local-3304-c12 position-relative\">\n        <!---->\n        <div class=\"h-row justify-content-lg-center justify-content-md-center justify-content-center align-items-lg-stretch align-items-md-stretch align-items-stretch gutters-col-lg-2 gutters-col-md-2 gutters-col-2 gutters-col-v-lg-2 gutters-col-v-md-2 gutters-col-v-2\">\n          <!---->\n          <div class=\"h-column h-column-container d-flex h-col-lg-4 h-col-md-6 h-col-12 style-1095-outer style-local-3304-c13-outer\">\n            <div data-colibri-id=\"3304-c13\" class=\"d-flex h-flex-basis h-column__inner h-px-lg-0 h-px-md-0 h-px-0 v-inner-lg-0 v-inner-md-0 v-inner-0 style-1095 style-local-3304-c13 position-relative\">\n              <!---->\n              <!---->\n              <div class=\"w-100 h-y-container h-column__content h-column__v-align flex-basis-100 align-self-lg-start align-self-md-start align-self-start\">\n                <!---->\n                <div data-colibri-id=\"3304-c14\" class=\"h-row-container gutters-row-lg-0 gutters-row-md-0 gutters-row-0 gutters-row-v-lg-0 gutters-row-v-md-0 gutters-row-v-0 style-1096 style-local-3304-c14 position-relative\">\n                  <!---->\n                  <div class=\"h-row justify-content-lg-center justify-content-md-center justify-content-center align-items-lg-stretch align-items-md-stretch align-items-stretch gutters-col-lg-0 gutters-col-md-0 gutters-col-0 gutters-col-v-lg-0 gutters-col-v-md-0 gutters-col-v-0\">\n                    <!---->\n                    <div class=\"h-column h-column-container d-flex h-col-lg-12 h-col-md-12 h-col-12 style-1097-outer style-local-3304-c15-outer\">\n                      <div data-colibri-id=\"3304-c15\" class=\"d-flex h-flex-basis h-column__inner h-px-lg-3 h-px-md-3 h-px-3 v-inner-lg-0 v-inner-md-0 v-inner-0 style-1097 style-local-3304-c15 position-relative\">\n                        <!---->\n                        <!---->\n                        <div class=\"w-100 h-y-container h-column__content h-column__v-align flex-basis-100 align-self-lg-start align-self-md-start align-self-start\">\n                          <!---->\n                          <div data-colibri-id=\"3304-c16\" class=\"d-block style-1098 style-local-3304-c16 position-relative h-element\">\n                            <!---->\n                            <div class=\"h-image__frame-container-outer\">\n                              <div class=\"h-image__frame-container\">\n                                <!---->\n                                <!---->\n                                <img loading=\"lazy\" decoding=\"async\" width=\"495\" height=\"366\" src=\"https:\/\/www.yogahel.com\/wp-content\/uploads\/2025\/02\/cropped-yritysjooga.jpeg\" class=\"wp-image-3314 style-1098-image style-local-3304-c16-image\" alt=\"\" srcset=\"https:\/\/www.yogahel.com\/wp-content\/uploads\/2025\/02\/cropped-yritysjooga.jpeg 495w, https:\/\/www.yogahel.com\/wp-content\/uploads\/2025\/02\/cropped-yritysjooga-300x222.jpeg 300w, https:\/\/www.yogahel.com\/wp-content\/uploads\/2025\/02\/cropped-yritysjooga-16x12.jpeg 16w\" sizes=\"auto, (max-width: 495px) 100vw, 495px\" \/>\n                                <div class=\"h-image__frame h-hide-lg h-hide-md h-hide-sm style-1098-frameImage style-local-3304-c16-frameImage\"><\/div>\n                              <\/div>\n                            <\/div>\n                          <\/div>\n                        <\/div>\n                      <\/div>\n                    <\/div>\n                    <div class=\"h-column h-column-container d-flex h-col-lg-12 h-col-md-12 h-col-12 style-1099-outer style-local-3304-c17-outer\">\n                      <div data-colibri-id=\"3304-c17\" class=\"d-flex h-flex-basis h-column__inner h-px-lg-3 h-px-md-3 h-px-3 v-inner-lg-3 v-inner-md-3 v-inner-3 style-1099 style-local-3304-c17 position-relative\">\n                        <!---->\n                        <!---->\n                        <div class=\"w-100 h-y-container h-column__content h-column__v-align flex-basis-100 align-self-lg-start align-self-md-start align-self-start\">\n                          <!---->\n                          <div data-colibri-id=\"3304-c18\" class=\"h-global-transition-all h-heading style-1100 style-local-3304-c18 position-relative h-element\">\n                            <!---->\n                            <div class=\"h-heading__outer style-1100 style-local-3304-c18\">\n                              <!---->\n                              <!---->\n                              <h5 class=\"\">For Companies<\/h5>\n                            <\/div>\n                          <\/div>\n                          <div data-colibri-id=\"3304-c19\" class=\"h-text h-text-component style-1101 style-local-3304-c19 position-relative h-element\">\n                            <!---->\n                            <!---->\n                            <div class=\"\">\n                              <p>The price is bracketed based on max number of attendees. The style of class can be chosen from our class lists - or we can design a class that specifically suits your particular group.\n                                <br>\n                                <br> For Example, we have designed classes for desk workers, or created a breathing exercise and meditation event for relaxation, or lighter first timer type classes for company day out.\n                                <br>\n                                <br>We have the necessary equipment at the school, changing spaces and showers. There is space for relaxing after class too. Write us an email about your requirements at  info@yogahel.com so we can talk more.\n                                <br>\n                              <\/p>\n                            <\/div>\n                          <\/div>\n                        <\/div>\n                      <\/div>\n                    <\/div>\n                  <\/div>\n                <\/div>\n              <\/div>\n            <\/div>\n          <\/div>\n          <div class=\"h-column h-column-container d-flex h-col-lg-4 h-col-md-6 h-col-12 style-1095-outer style-local-3304-c20-outer\">\n            <div data-colibri-id=\"3304-c20\" class=\"d-flex h-flex-basis h-column__inner h-px-lg-0 h-px-md-0 h-px-0 v-inner-lg-0 v-inner-md-0 v-inner-0 style-1095 style-local-3304-c20 position-relative\">\n              <!---->\n              <!---->\n              <div class=\"w-100 h-y-container h-column__content h-column__v-align flex-basis-100 align-self-lg-start align-self-md-start align-self-start\">\n                <!---->\n                <div data-colibri-id=\"3304-c21\" class=\"h-row-container gutters-row-lg-0 gutters-row-md-0 gutters-row-0 gutters-row-v-lg-0 gutters-row-v-md-0 gutters-row-v-0 style-1096 style-local-3304-c21 position-relative\">\n                  <!---->\n                  <div class=\"h-row justify-content-lg-center justify-content-md-center justify-content-center align-items-lg-stretch align-items-md-stretch align-items-stretch gutters-col-lg-0 gutters-col-md-0 gutters-col-0 gutters-col-v-lg-0 gutters-col-v-md-0 gutters-col-v-0\">\n                    <!---->\n                    <div class=\"h-column h-column-container d-flex h-col-lg-12 h-col-md-12 h-col-12 style-1097-outer style-local-3304-c22-outer\">\n                      <div data-colibri-id=\"3304-c22\" class=\"d-flex h-flex-basis h-column__inner h-px-lg-3 h-px-md-3 h-px-3 v-inner-lg-0 v-inner-md-0 v-inner-0 style-1097 style-local-3304-c22 position-relative\">\n                        <!---->\n                        <!---->\n                        <div class=\"w-100 h-y-container h-column__content h-column__v-align flex-basis-100 align-self-lg-start align-self-md-start align-self-start\">\n                          <!---->\n                          <div data-colibri-id=\"3304-c23\" class=\"d-block style-1098 style-local-3304-c23 position-relative h-element\">\n                            <!---->\n                            <div class=\"h-image__frame-container-outer\">\n                              <div class=\"h-image__frame-container\">\n                                <!---->\n                                <!---->\n                                <img loading=\"lazy\" decoding=\"async\" width=\"1440\" height=\"1047\" src=\"https:\/\/www.yogahel.com\/wp-content\/uploads\/2025\/02\/cropped-studio2.jpg\" class=\"wp-image-3311 style-1098-image style-local-3304-c23-image\" alt=\"\" srcset=\"https:\/\/www.yogahel.com\/wp-content\/uploads\/2025\/02\/cropped-studio2.jpg 1440w, https:\/\/www.yogahel.com\/wp-content\/uploads\/2025\/02\/cropped-studio2-300x218.jpg 300w, https:\/\/www.yogahel.com\/wp-content\/uploads\/2025\/02\/cropped-studio2-1024x745.jpg 1024w, https:\/\/www.yogahel.com\/wp-content\/uploads\/2025\/02\/cropped-studio2-768x558.jpg 768w, https:\/\/www.yogahel.com\/wp-content\/uploads\/2025\/02\/cropped-studio2-18x12.jpg 18w\" sizes=\"auto, (max-width: 1440px) 100vw, 1440px\" \/>\n                                <div class=\"h-image__frame h-hide-lg h-hide-md h-hide-sm style-1098-frameImage style-local-3304-c23-frameImage\"><\/div>\n                              <\/div>\n                            <\/div>\n                          <\/div>\n                        <\/div>\n                      <\/div>\n                    <\/div>\n                    <div class=\"h-column h-column-container d-flex h-col-lg-12 h-col-md-12 h-col-12 style-1099-outer style-local-3304-c24-outer\">\n                      <div data-colibri-id=\"3304-c24\" class=\"d-flex h-flex-basis h-column__inner h-px-lg-3 h-px-md-3 h-px-3 v-inner-lg-3 v-inner-md-3 v-inner-3 style-1099 style-local-3304-c24 position-relative\">\n                        <!---->\n                        <!---->\n                        <div class=\"w-100 h-y-container h-column__content h-column__v-align flex-basis-100 align-self-lg-start align-self-md-start align-self-start\">\n                          <!---->\n                          <div data-colibri-id=\"3304-c25\" class=\"h-global-transition-all h-heading style-1100 style-local-3304-c25 position-relative h-element\">\n                            <!---->\n                            <div class=\"h-heading__outer style-1100 style-local-3304-c25\">\n                              <!---->\n                              <!---->\n                              <h5 class=\"\">For private groups<\/h5>\n                            <\/div>\n                          <\/div>\n                          <div data-colibri-id=\"3304-c26\" class=\"h-text h-text-component style-1101 style-local-3304-c26 position-relative h-element\">\n                            <!---->\n                            <!---->\n                            <div class=\"\">\n                              <p>We have led classes for football teams, golfing mates, birthday parties and family gathering starters - actually probably any reason possible.\n                                <br>\n                                <br>The pricing for private groups is also bracketed acconding to number of attendees. The group can be anything for 3 people up.\n                                <br>\n                                <br>Get in touch so we can plan the best possible class for you!\n                                <br>\n                                <br>\n                              <\/p>\n                            <\/div>\n                          <\/div>\n                        <\/div>\n                      <\/div>\n                    <\/div>\n                  <\/div>\n                <\/div>\n              <\/div>\n            <\/div>\n          <\/div>\n          <div class=\"h-column h-column-container d-flex h-col-lg-4 h-col-md-6 h-col-12 style-1095-outer style-local-3304-c27-outer\">\n            <div data-colibri-id=\"3304-c27\" class=\"d-flex h-flex-basis h-column__inner h-px-lg-0 h-px-md-0 h-px-0 v-inner-lg-0 v-inner-md-0 v-inner-0 style-1095 style-local-3304-c27 position-relative\">\n              <!---->\n              <!---->\n              <div class=\"w-100 h-y-container h-column__content h-column__v-align flex-basis-100 align-self-lg-start align-self-md-start align-self-start\">\n                <!---->\n                <div data-colibri-id=\"3304-c28\" class=\"h-row-container gutters-row-lg-0 gutters-row-md-0 gutters-row-0 gutters-row-v-lg-0 gutters-row-v-md-0 gutters-row-v-0 style-1096 style-local-3304-c28 position-relative\">\n                  <!---->\n                  <div class=\"h-row justify-content-lg-center justify-content-md-center justify-content-center align-items-lg-stretch align-items-md-stretch align-items-stretch gutters-col-lg-0 gutters-col-md-0 gutters-col-0 gutters-col-v-lg-0 gutters-col-v-md-0 gutters-col-v-0\">\n                    <!---->\n                    <div class=\"h-column h-column-container d-flex h-col-lg-12 h-col-md-12 h-col-12 style-1097-outer style-local-3304-c29-outer\">\n                      <div data-colibri-id=\"3304-c29\" class=\"d-flex h-flex-basis h-column__inner h-px-lg-3 h-px-md-3 h-px-3 v-inner-lg-0 v-inner-md-0 v-inner-0 style-1097 style-local-3304-c29 position-relative\">\n                        <!---->\n                        <!---->\n                        <div class=\"w-100 h-y-container h-column__content h-column__v-align flex-basis-100 align-self-lg-start align-self-md-start align-self-start\">\n                          <!---->\n                          <div data-colibri-id=\"3304-c30\" class=\"d-block style-1098 style-local-3304-c30 position-relative h-element\">\n                            <!---->\n                            <div class=\"h-image__frame-container-outer\">\n                              <div class=\"h-image__frame-container\">\n                                <!---->\n                                <!---->\n                                <img loading=\"lazy\" decoding=\"async\" width=\"1633\" height=\"1125\" src=\"https:\/\/www.yogahel.com\/wp-content\/uploads\/2024\/09\/cropped-YogaHEL_HeaderSlide-4.jpg\" class=\"wp-image-3313 style-1098-image style-local-3304-c30-image\" alt=\"\" srcset=\"https:\/\/www.yogahel.com\/wp-content\/uploads\/2024\/09\/cropped-YogaHEL_HeaderSlide-4.jpg 1633w, https:\/\/www.yogahel.com\/wp-content\/uploads\/2024\/09\/cropped-YogaHEL_HeaderSlide-4-300x207.jpg 300w, https:\/\/www.yogahel.com\/wp-content\/uploads\/2024\/09\/cropped-YogaHEL_HeaderSlide-4-1024x705.jpg 1024w, https:\/\/www.yogahel.com\/wp-content\/uploads\/2024\/09\/cropped-YogaHEL_HeaderSlide-4-768x529.jpg 768w, https:\/\/www.yogahel.com\/wp-content\/uploads\/2024\/09\/cropped-YogaHEL_HeaderSlide-4-1536x1058.jpg 1536w, https:\/\/www.yogahel.com\/wp-content\/uploads\/2024\/09\/cropped-YogaHEL_HeaderSlide-4-18x12.jpg 18w\" sizes=\"auto, (max-width: 1633px) 100vw, 1633px\" \/>\n                                <div class=\"h-image__frame h-hide-lg h-hide-md h-hide-sm style-1098-frameImage style-local-3304-c30-frameImage\"><\/div>\n                              <\/div>\n                            <\/div>\n                          <\/div>\n                        <\/div>\n                      <\/div>\n                    <\/div>\n                    <div class=\"h-column h-column-container d-flex h-col-lg-12 h-col-md-12 h-col-12 style-1099-outer style-local-3304-c31-outer\">\n                      <div data-colibri-id=\"3304-c31\" class=\"d-flex h-flex-basis h-column__inner h-px-lg-3 h-px-md-3 h-px-3 v-inner-lg-3 v-inner-md-3 v-inner-3 style-1099 style-local-3304-c31 position-relative\">\n                        <!---->\n                        <!---->\n                        <div class=\"w-100 h-y-container h-column__content h-column__v-align flex-basis-100 align-self-lg-start align-self-md-start align-self-start\">\n                          <!---->\n                          <div data-colibri-id=\"3304-c32\" class=\"h-global-transition-all h-heading style-1100 style-local-3304-c32 position-relative h-element\">\n                            <!---->\n                            <div class=\"h-heading__outer style-1100 style-local-3304-c32\">\n                              <!---->\n                              <!---->\n                              <h5 class=\"\">For Individuals<\/h5>\n                            <\/div>\n                          <\/div>\n                          <div data-colibri-id=\"3304-c33\" class=\"h-text h-text-component style-1101 style-local-3304-c33 position-relative h-element\">\n                            <!---->\n                            <!---->\n                            <div class=\"\">\n                              <p>Sometimes the ordinary classes do not seem to answer all the question you have. There is more to know about asana technique, or the practise feels stangnant or going to a funny direction. Maybe you have an injury and are not sure what to do or not to do with it for a safe practise.\n                                <br>\n                                <br>You can book a private class from us anytime. Email us at info@yogahel.com and let us know what kind of help or support you might need. If you already have an idea of a teacher you want to work or what kind of times would work, do let us know this too.\n                                <br>\n                              <\/p>\n                            <\/div>\n                          <\/div>\n                        <\/div>\n                      <\/div>\n                    <\/div>\n                  <\/div>\n                <\/div>\n              <\/div>\n            <\/div>\n          <\/div>\n        <\/div>\n      <\/div>\n    <\/div>\n  <\/div>\n<\/div>","protected":false},"excerpt":{"rendered":"<p>Tunnit omille ryhmille Voimme j\u00e4rjest\u00e4\u00e4 juuri sinun ryhm\u00e4llesi sopivia tunteja Kaveriporukalle, urheilujoukkueelle, ty\u00f6kavereille, tapahtumien osaksi tai yrityksen hyvinvointip\u00e4iv\u00e4\u00e4n voi tilata meilt\u00e4 jooga- tai pilatestunnin. Tunti rakennetaan juuri sinun ryhm\u00e4llesi sopivaksi toivomassasi lajissa. Neuvomme my\u00f6s mielell\u00e4mme mik\u00e4 voisi tilaisuuteesi toimia. Voimme tulla my\u00f6s paikan p\u00e4\u00e4lle jos sinulla on valmis tila jota mieluummin k\u00e4yt\u00e4t. Ota Yhteytt\u00e4 Yksityistunnit [&hellip;]<\/p>\n","protected":false},"author":1,"featured_media":0,"parent":0,"menu_order":0,"comment_status":"closed","ping_status":"closed","template":"page-templates\/full-width-page.php","meta":{"footnotes":""},"class_list":["post-3304","page","type-page","status-publish","hentry"],"_links":{"self":[{"href":"https:\/\/www.yogahel.com\/en\/wp-json\/wp\/v2\/pages\/3304","targetHints":{"allow":["GET"]}}],"collection":[{"href":"https:\/\/www.yogahel.com\/en\/wp-json\/wp\/v2\/pages"}],"about":[{"href":"https:\/\/www.yogahel.com\/en\/wp-json\/wp\/v2\/types\/page"}],"author":[{"embeddable":true,"href":"https:\/\/www.yogahel.com\/en\/wp-json\/wp\/v2\/users\/1"}],"replies":[{"embeddable":true,"href":"https:\/\/www.yogahel.com\/en\/wp-json\/wp\/v2\/comments?post=3304"}],"version-history":[{"count":3,"href":"https:\/\/www.yogahel.com\/en\/wp-json\/wp\/v2\/pages\/3304\/revisions"}],"predecessor-version":[{"id":3378,"href":"https:\/\/www.yogahel.com\/en\/wp-json\/wp\/v2\/pages\/3304\/revisions\/3378"}],"wp:attachment":[{"href":"https:\/\/www.yogahel.com\/en\/wp-json\/wp\/v2\/media?parent=3304"}],"curies":[{"name":"wp","href":"https:\/\/api.w.org\/{rel}","templated":true}]}}